{"id":1211,"date":"2024-01-30T01:39:35","date_gmt":"2024-01-30T01:39:35","guid":{"rendered":"https:\/\/bante.com.mx\/?page_id=1211"},"modified":"2024-11-19T17:05:30","modified_gmt":"2024-11-19T17:05:30","slug":"tinas-de-bano","status":"publish","type":"page","link":"https:\/\/bante.com.mx\/en\/tinas-de-bano\/","title":{"rendered":"Tinas de Ba\u00f1o"},"content":{"rendered":"<div data-elementor-type=\"wp-page\" data-elementor-id=\"1211\" class=\"elementor elementor-1211\">\n\t\t\t\t\t\t<section class=\"elementor-section elementor-top-section elementor-element elementor-element-2d73135 elementor-hidden-desktop elementor-hidden-tablet elementor-hidden-mobile elementor-section-boxed elementor-section-height-default elementor-section-height-default\" data-id=\"2d73135\" data-element_type=\"section\" data-settings=\"{&quot;background_background&quot;:&quot;classic&quot;}\">\n\t\t\t\t\t\t<div class=\"elementor-container elementor-column-gap-default\">\n\t\t\t\t\t<div class=\"elementor-column elementor-col-100 elementor-top-column elementor-element elementor-element-8e8a34e\" data-id=\"8e8a34e\" data-element_type=\"column\">\n\t\t\t<div class=\"elementor-widget-wrap elementor-element-populated\">\n\t\t\t\t\t\t<div class=\"elementor-element elementor-element-8518c44 elementor-widget elementor-widget-spacer\" data-id=\"8518c44\" data-element_type=\"widget\" data-widget_type=\"spacer.default\">\n\t\t\t\t<div class=\"elementor-widget-container\">\n\t\t\t\t\t\t\t<div class=\"elementor-spacer\">\n\t\t\t<div class=\"elementor-spacer-inner\"><\/div>\n\t\t<\/div>\n\t\t\t\t\t\t<\/div>\n\t\t\t\t<\/div>\n\t\t\t\t\t<\/div>\n\t\t<\/div>\n\t\t\t\t\t<\/div>\n\t\t<\/section>\n\t\t\t\t<section class=\"elementor-section elementor-top-section elementor-element elementor-element-b6f1bf4 elementor-section-full_width elementor-section-height-default elementor-section-height-default\" data-id=\"b6f1bf4\" data-element_type=\"section\" data-settings=\"{&quot;background_background&quot;:&quot;classic&quot;}\">\n\t\t\t\t\t\t<div class=\"elementor-container elementor-column-gap-default\">\n\t\t\t\t\t<div class=\"elementor-column elementor-col-100 elementor-top-column elementor-element elementor-element-9224a65\" data-id=\"9224a65\" data-element_type=\"column\">\n\t\t\t<div class=\"elementor-widget-wrap elementor-element-populated\">\n\t\t\t\t\t\t<section class=\"elementor-section elementor-inner-section elementor-element elementor-element-020281c elementor-section-boxed elementor-section-height-default elementor-section-height-default\" data-id=\"020281c\" data-element_type=\"section\" data-settings=\"{&quot;background_background&quot;:&quot;classic&quot;}\">\n\t\t\t\t\t\t<div class=\"elementor-container elementor-column-gap-default\">\n\t\t\t\t\t<div class=\"elementor-column elementor-col-100 elementor-inner-column elementor-element elementor-element-d83666e\" data-id=\"d83666e\" data-element_type=\"column\">\n\t\t\t<div class=\"elementor-widget-wrap elementor-element-populated\">\n\t\t\t\t\t\t<div class=\"elementor-element elementor-element-23171df elementor-widget elementor-widget-heading\" data-id=\"23171df\" data-element_type=\"widget\" data-widget_type=\"heading.default\">\n\t\t\t\t<div class=\"elementor-widget-container\">\n\t\t\t\t\t<h2 class=\"elementor-heading-title elementor-size-default\">Tinas de Ba\u00f1o<\/h2>\t\t\t\t<\/div>\n\t\t\t\t<\/div>\n\t\t\t\t\t<\/div>\n\t\t<\/div>\n\t\t\t\t\t<\/div>\n\t\t<\/section>\n\t\t\t\t\t<\/div>\n\t\t<\/div>\n\t\t\t\t\t<\/div>\n\t\t<\/section>\n\t\t\t\t<section class=\"elementor-section elementor-top-section elementor-element elementor-element-ed52050 elementor-section-boxed elementor-section-height-default elementor-section-height-default\" data-id=\"ed52050\" data-element_type=\"section\">\n\t\t\t\t\t\t<div class=\"elementor-container elementor-column-gap-default\">\n\t\t\t\t\t<div class=\"elementor-column elementor-col-100 elementor-top-column elementor-element elementor-element-919acdf\" data-id=\"919acdf\" data-element_type=\"column\">\n\t\t\t<div class=\"elementor-widget-wrap elementor-element-populated\">\n\t\t\t\t\t\t<div class=\"elementor-element elementor-element-75871c1 elementor-widget__width-auto elementor-widget elementor-widget-heading\" data-id=\"75871c1\" data-element_type=\"widget\" data-widget_type=\"heading.default\">\n\t\t\t\t<div class=\"elementor-widget-container\">\n\t\t\t\t\t<h2 class=\"elementor-heading-title elementor-size-default\"><a href=\"https:\/\/bante.com.mx\/en\/catalogos\/\">Cat\u00e1logo | <\/a><\/h2>\t\t\t\t<\/div>\n\t\t\t\t<\/div>\n\t\t\t\t<div class=\"elementor-element elementor-element-af48f76 elementor-widget__width-auto elementor-widget elementor-widget-heading\" data-id=\"af48f76\" data-element_type=\"widget\" data-widget_type=\"heading.default\">\n\t\t\t\t<div class=\"elementor-widget-container\">\n\t\t\t\t\t<h2 class=\"elementor-heading-title elementor-size-default\">Tinas de Ba\u00f1o<\/h2>\t\t\t\t<\/div>\n\t\t\t\t<\/div>\n\t\t\t\t<div class=\"elementor-element elementor-element-7ede339 elementor-widget elementor-widget-jet-listing-grid\" data-id=\"7ede339\" data-element_type=\"widget\" data-settings=\"{&quot;columns&quot;:3,&quot;columns_mobile&quot;:&quot;2&quot;}\" data-widget_type=\"jet-listing-grid.default\">\n\t\t\t\t<div class=\"elementor-widget-container\">\n\t\t\t\t\t<div class=\"jet-listing-grid jet-listing\"><div class=\"jet-listing-grid__items grid-col-desk-3 grid-col-tablet-3 grid-col-mobile-2 jet-listing-grid--216 jet-equal-columns__wrapper\"  data-nav=\"{&quot;enabled&quot;:true,&quot;type&quot;:&quot;scroll&quot;,&quot;more_el&quot;:null,&quot;query&quot;:{&quot;post_status&quot;:[&quot;publish&quot;],&quot;post_type&quot;:&quot;catalogo&quot;,&quot;posts_per_page&quot;:&quot;30&quot;,&quot;paged&quot;:&quot;1&quot;,&quot;ignore_sticky_posts&quot;:&quot;1&quot;,&quot;post__in&quot;:[&quot;1143&quot;]},&quot;widget_settings&quot;:{&quot;lisitng_id&quot;:216,&quot;posts_num&quot;:30,&quot;columns&quot;:3,&quot;columns_tablet&quot;:3,&quot;columns_mobile&quot;:2,&quot;is_archive_template&quot;:&quot;&quot;,&quot;post_status&quot;:[&quot;publish&quot;],&quot;use_random_posts_num&quot;:&quot;&quot;,&quot;max_posts_num&quot;:9,&quot;not_found_message&quot;:&quot;No data was found&quot;,&quot;is_masonry&quot;:false,&quot;equal_columns_height&quot;:&quot;yes&quot;,&quot;use_load_more&quot;:&quot;yes&quot;,&quot;load_more_id&quot;:&quot;&quot;,&quot;load_more_type&quot;:&quot;scroll&quot;,&quot;use_custom_post_types&quot;:&quot;&quot;,&quot;custom_post_types&quot;:[],&quot;hide_widget_if&quot;:&quot;&quot;,&quot;carousel_enabled&quot;:&quot;&quot;,&quot;slides_to_scroll&quot;:&quot;2&quot;,&quot;arrows&quot;:&quot;true&quot;,&quot;arrow_icon&quot;:&quot;fa fa-angle-left&quot;,&quot;dots&quot;:&quot;true&quot;,&quot;autoplay&quot;:&quot;true&quot;,&quot;autoplay_speed&quot;:5000,&quot;infinite&quot;:&quot;true&quot;,&quot;center_mode&quot;:&quot;&quot;,&quot;effect&quot;:&quot;slide&quot;,&quot;speed&quot;:500,&quot;inject_alternative_items&quot;:&quot;&quot;,&quot;injection_items&quot;:[],&quot;scroll_slider_enabled&quot;:&quot;&quot;,&quot;scroll_slider_on&quot;:[&quot;desktop&quot;,&quot;tablet&quot;,&quot;mobile&quot;],&quot;custom_query&quot;:false,&quot;custom_query_id&quot;:&quot;&quot;,&quot;_element_id&quot;:&quot;&quot;}}\" data-page=\"1\" data-pages=\"1\" data-listing-source=\"posts\"><style>.elementor-216 .elementor-element.elementor-element-4f86533:not(.elementor-motion-effects-element-type-background), .elementor-216 .elementor-element.elementor-element-4f86533 > .elementor-motion-effects-container > .elementor-motion-effects-layer{background-color:#FFFFFF;}.elementor-216 .elementor-element.elementor-element-4f86533, .elementor-216 .elementor-element.elementor-element-4f86533 > .elementor-background-overlay{border-radius:30px 30px 30px 30px;}.elementor-216 .elementor-element.elementor-element-4f86533{box-shadow:0px 0px 10px 0px rgba(0, 0, 0, 0.19);transition:background 0.3s, border 0.3s, border-radius 0.3s, box-shadow 0.3s;padding:0px 0px 0px 0px;}.elementor-216 .elementor-element.elementor-element-4f86533 > .elementor-background-overlay{transition:background 0.3s, border-radius 0.3s, opacity 0.3s;}.elementor-216 .elementor-element.elementor-element-249e4e1 > .elementor-widget-wrap > .elementor-widget:not(.elementor-widget__width-auto):not(.elementor-widget__width-initial):not(:last-child):not(.elementor-absolute){margin-bottom:0px;}.elementor-216 .elementor-element.elementor-element-249e4e1 > .elementor-element-populated, .elementor-216 .elementor-element.elementor-element-249e4e1 > .elementor-element-populated > .elementor-background-overlay, .elementor-216 .elementor-element.elementor-element-249e4e1 > .elementor-background-slideshow{border-radius:25px 25px 25px 25px;}.elementor-216 .elementor-element.elementor-element-249e4e1 > .elementor-element-populated{padding:20px 0px 20px 0px;}.elementor-216 .elementor-element.elementor-element-4693a0a{margin-top:0px;margin-bottom:0px;}.elementor-216 .elementor-element.elementor-element-e4b2ce9 > .elementor-widget-wrap > .elementor-widget:not(.elementor-widget__width-auto):not(.elementor-widget__width-initial):not(:last-child):not(.elementor-absolute){margin-bottom:0px;}.elementor-widget-heading .elementor-heading-title{font-family:var( --e-global-typography-primary-font-family ), Sans-serif;font-size:var( --e-global-typography-primary-font-size );font-weight:var( --e-global-typography-primary-font-weight );color:var( --e-global-color-primary );}.elementor-216 .elementor-element.elementor-element-5943212 > .elementor-widget-container{margin:0px 0px 0px 40px;}.elementor-216 .elementor-element.elementor-element-5943212 .elementor-heading-title{font-family:\"Circular Std\", Sans-serif;font-size:34px;font-weight:bold;}.elementor-widget-image .widget-image-caption{color:var( --e-global-color-text );font-family:var( --e-global-typography-text-font-family ), Sans-serif;font-size:var( --e-global-typography-text-font-size );font-weight:var( --e-global-typography-text-font-weight );}.elementor-widget-button .elementor-button{background-color:var( --e-global-color-accent );font-family:var( --e-global-typography-accent-font-family ), Sans-serif;font-weight:var( --e-global-typography-accent-font-weight );}.elementor-216 .elementor-element.elementor-element-75e13eb .elementor-button{background-color:#FFFFFF;font-family:\"Roboto\", Sans-serif;font-size:18px;font-weight:500;fill:var( --e-global-color-text );color:var( --e-global-color-text );}.elementor-216 .elementor-element.elementor-element-75e13eb > .elementor-widget-container{margin:0px 0px 0px 20px;}.elementor-216 .elementor-element.elementor-element-75e13eb .elementor-button-content-wrapper{flex-direction:row-reverse;}.elementor-216 .elementor-element.elementor-element-75e13eb .elementor-button:hover, .elementor-216 .elementor-element.elementor-element-75e13eb .elementor-button:focus{color:var( --e-global-color-secondary );}.elementor-216 .elementor-element.elementor-element-75e13eb .elementor-button:hover svg, .elementor-216 .elementor-element.elementor-element-75e13eb .elementor-button:focus svg{fill:var( --e-global-color-secondary );}@media(max-width:1024px){.elementor-widget-heading .elementor-heading-title{font-size:var( --e-global-typography-primary-font-size );}.elementor-widget-image .widget-image-caption{font-size:var( --e-global-typography-text-font-size );}}@media(max-width:767px){.elementor-216 .elementor-element.elementor-element-249e4e1{width:100%;}.elementor-widget-heading .elementor-heading-title{font-size:var( --e-global-typography-primary-font-size );}.elementor-216 .elementor-element.elementor-element-5943212 > .elementor-widget-container{margin:0px 0px 0px 0px;}.elementor-216 .elementor-element.elementor-element-5943212{text-align:center;}.elementor-216 .elementor-element.elementor-element-5943212 .elementor-heading-title{font-size:26px;}.elementor-widget-image .widget-image-caption{font-size:var( --e-global-typography-text-font-size );}.elementor-216 .elementor-element.elementor-element-9d05b51 > .elementor-widget-container{margin:10px 0px 0px 0px;}.elementor-216 .elementor-element.elementor-element-75e13eb > .elementor-widget-container{margin:0px 0px 0px 0px;}.elementor-216 .elementor-element.elementor-element-75e13eb .elementor-button{font-size:15px;}}\/* Start Custom Fonts CSS *\/@font-face {\n\tfont-family: 'Circular Std';\n\tfont-style: normal;\n\tfont-weight: normal;\n\tfont-display: auto;\n\tsrc: url('https:\/\/bante.com.mx\/wp-content\/uploads\/2022\/11\/CircularStd-Book.eot');\n\tsrc: url('https:\/\/bante.com.mx\/wp-content\/uploads\/2022\/11\/CircularStd-Book.eot?#iefix') format('embedded-opentype'),\n\t\turl('https:\/\/bante.com.mx\/wp-content\/uploads\/2022\/11\/CircularStd-Book.woff2') format('woff2'),\n\t\turl('https:\/\/bante.com.mx\/wp-content\/uploads\/2022\/11\/CircularStd-Book.woff') format('woff'),\n\t\turl('https:\/\/bante.com.mx\/wp-content\/uploads\/2022\/11\/CircularStd-Book.ttf') format('truetype'),\n\t\turl('https:\/\/bante.com.mx\/wp-content\/uploads\/2022\/11\/CircularStd-Book.svg#CircularStd') format('svg');\n}\n@font-face {\n\tfont-family: 'Circular Std';\n\tfont-style: italic;\n\tfont-weight: bold;\n\tfont-display: auto;\n\tsrc: url('https:\/\/bante.com.mx\/wp-content\/uploads\/2022\/11\/CircularStd-BoldItalic.eot');\n\tsrc: url('https:\/\/bante.com.mx\/wp-content\/uploads\/2022\/11\/CircularStd-BoldItalic.eot?#iefix') format('embedded-opentype'),\n\t\turl('https:\/\/bante.com.mx\/wp-content\/uploads\/2022\/11\/CircularStd-BoldItalic.woff2') format('woff2'),\n\t\turl('https:\/\/bante.com.mx\/wp-content\/uploads\/2022\/11\/CircularStd-BoldItalic.woff') format('woff'),\n\t\turl('https:\/\/bante.com.mx\/wp-content\/uploads\/2022\/11\/CircularStd-BoldItalic.ttf') format('truetype'),\n\t\turl('https:\/\/bante.com.mx\/wp-content\/uploads\/2022\/11\/CircularStd-BoldItalic.svg#CircularStd') format('svg');\n}\n@font-face {\n\tfont-family: 'Circular Std';\n\tfont-style: normal;\n\tfont-weight: 700;\n\tfont-display: auto;\n\tsrc: url('https:\/\/bante.com.mx\/wp-content\/uploads\/2022\/11\/CircularStd-Medium.eot');\n\tsrc: url('https:\/\/bante.com.mx\/wp-content\/uploads\/2022\/11\/CircularStd-Medium.eot?#iefix') format('embedded-opentype'),\n\t\turl('https:\/\/bante.com.mx\/wp-content\/uploads\/2022\/11\/CircularStd-Medium.woff2') format('woff2'),\n\t\turl('https:\/\/bante.com.mx\/wp-content\/uploads\/2022\/11\/CircularStd-Medium.woff') format('woff'),\n\t\turl('https:\/\/bante.com.mx\/wp-content\/uploads\/2022\/11\/CircularStd-Medium.ttf') format('truetype'),\n\t\turl('https:\/\/bante.com.mx\/wp-content\/uploads\/2022\/11\/CircularStd-Medium.svg#CircularStd') format('svg');\n}\n@font-face {\n\tfont-family: 'Circular Std';\n\tfont-style: normal;\n\tfont-weight: 100;\n\tfont-display: auto;\n\tsrc: url('https:\/\/bante.com.mx\/wp-content\/uploads\/2022\/11\/CircularSpotifyText-Light.eot');\n\tsrc: url('https:\/\/bante.com.mx\/wp-content\/uploads\/2022\/11\/CircularSpotifyText-Light.eot?#iefix') format('embedded-opentype'),\n\t\turl('https:\/\/bante.com.mx\/wp-content\/uploads\/2022\/11\/CircularSpotifyText-Light.woff2') format('woff2'),\n\t\turl('https:\/\/bante.com.mx\/wp-content\/uploads\/2022\/11\/CircularSpotifyText-Light.woff') format('woff'),\n\t\turl('https:\/\/bante.com.mx\/wp-content\/uploads\/2022\/11\/CircularSpotifyText-Light.ttf') format('truetype'),\n\t\turl('https:\/\/bante.com.mx\/wp-content\/uploads\/2022\/11\/CircularSpotifyText-Light.svg#CircularStd') format('svg');\n}\n\/* End Custom Fonts CSS *\/<\/style><div class=\"jet-listing-grid__item jet-listing-dynamic-post-1143 jet-equal-columns\" data-post-id=\"1143\" ><div class=\"jet-engine-listing-overlay-wrap\" data-url=\"https:\/\/bante.com.mx\/en\/catalogo\/ovalo\/\">\t\t<div data-elementor-type=\"jet-listing-items\" data-elementor-id=\"216\" class=\"elementor elementor-216\">\n\t\t\t\t\t\t<section class=\"elementor-section elementor-top-section elementor-element elementor-element-4f86533 elementor-section-boxed elementor-section-height-default elementor-section-height-default\" data-id=\"4f86533\" data-element_type=\"section\" data-settings=\"{&quot;background_background&quot;:&quot;classic&quot;}\">\n\t\t\t\t\t\t<div class=\"elementor-container elementor-column-gap-default\">\n\t\t\t\t\t<div class=\"elementor-column elementor-col-100 elementor-top-column elementor-element elementor-element-249e4e1\" data-id=\"249e4e1\" data-element_type=\"column\">\n\t\t\t<div class=\"elementor-widget-wrap elementor-element-populated\">\n\t\t\t\t\t\t<section class=\"elementor-section elementor-inner-section elementor-element elementor-element-4693a0a elementor-section-boxed elementor-section-height-default elementor-section-height-default\" data-id=\"4693a0a\" data-element_type=\"section\">\n\t\t\t\t\t\t<div class=\"elementor-container elementor-column-gap-default\">\n\t\t\t\t\t<div class=\"elementor-column elementor-col-100 elementor-inner-column elementor-element elementor-element-e4b2ce9\" data-id=\"e4b2ce9\" data-element_type=\"column\">\n\t\t\t<div class=\"elementor-widget-wrap elementor-element-populated\">\n\t\t\t\t\t\t<div class=\"elementor-element elementor-element-5943212 elementor-widget elementor-widget-heading\" data-id=\"5943212\" data-element_type=\"widget\" data-widget_type=\"heading.default\">\n\t\t\t\t<div class=\"elementor-widget-container\">\n\t\t\t\t\t<h2 class=\"elementor-heading-title elementor-size-default\">\u00d3valo<\/h2>\t\t\t\t<\/div>\n\t\t\t\t<\/div>\n\t\t\t\t<div class=\"elementor-element elementor-element-9d05b51 elementor-widget elementor-widget-image\" data-id=\"9d05b51\" data-element_type=\"widget\" data-widget_type=\"image.default\">\n\t\t\t\t<div class=\"elementor-widget-container\">\n\t\t\t\t\t\t\t\t\t\t\t\t\t\t\t<img fetchpriority=\"high\" decoding=\"async\" width=\"800\" height=\"640\" src=\"https:\/\/bante.com.mx\/wp-content\/uploads\/2023\/05\/Ovalo-72-_-Escenario-02.png\" class=\"attachment-large size-large wp-image-1148\" alt=\"\" srcset=\"https:\/\/bante.com.mx\/wp-content\/uploads\/2023\/05\/Ovalo-72-_-Escenario-02.png 1000w, https:\/\/bante.com.mx\/wp-content\/uploads\/2023\/05\/Ovalo-72-_-Escenario-02-300x240.png 300w, https:\/\/bante.com.mx\/wp-content\/uploads\/2023\/05\/Ovalo-72-_-Escenario-02-768x614.png 768w, https:\/\/bante.com.mx\/wp-content\/uploads\/2023\/05\/Ovalo-72-_-Escenario-02-15x12.png 15w\" sizes=\"(max-width: 800px) 100vw, 800px\" \/>\t\t\t\t\t\t\t\t\t\t\t\t\t\t\t<\/div>\n\t\t\t\t<\/div>\n\t\t\t\t\t<\/div>\n\t\t<\/div>\n\t\t\t\t\t<\/div>\n\t\t<\/section>\n\t\t\t\t<section class=\"elementor-section elementor-inner-section elementor-element elementor-element-d965239 elementor-section-boxed elementor-section-height-default elementor-section-height-default\" data-id=\"d965239\" data-element_type=\"section\">\n\t\t\t\t\t\t<div class=\"elementor-container elementor-column-gap-default\">\n\t\t\t\t\t<div class=\"elementor-column elementor-col-100 elementor-inner-column elementor-element elementor-element-f8199ad\" data-id=\"f8199ad\" data-element_type=\"column\">\n\t\t\t<div class=\"elementor-widget-wrap elementor-element-populated\">\n\t\t\t\t\t\t<div class=\"elementor-element elementor-element-75e13eb elementor-mobile-align-center elementor-widget elementor-widget-button\" data-id=\"75e13eb\" data-element_type=\"widget\" data-widget_type=\"button.default\">\n\t\t\t\t<div class=\"elementor-widget-container\">\n\t\t\t\t\t\t\t\t\t<div class=\"elementor-button-wrapper\">\n\t\t\t\t\t<a class=\"elementor-button elementor-button-link elementor-size-sm\" href=\"#\">\n\t\t\t\t\t\t<span class=\"elementor-button-content-wrapper\">\n\t\t\t\t\t\t<span class=\"elementor-button-icon\">\n\t\t\t\t<i aria-hidden=\"true\" class=\"fas fa-arrow-right\"><\/i>\t\t\t<\/span>\n\t\t\t\t\t\t\t\t\t<span class=\"elementor-button-text\">See product<\/span>\n\t\t\t\t\t<\/span>\n\t\t\t\t\t<\/a>\n\t\t\t\t<\/div>\n\t\t\t\t\t\t\t\t<\/div>\n\t\t\t\t<\/div>\n\t\t\t\t\t<\/div>\n\t\t<\/div>\n\t\t\t\t\t<\/div>\n\t\t<\/section>\n\t\t\t\t\t<\/div>\n\t\t<\/div>\n\t\t\t\t\t<\/div>\n\t\t<\/section>\n\t\t\t\t<\/div>\n\t\t<a href=\"https:\/\/bante.com.mx\/en\/catalogo\/ovalo\/\" class=\"jet-engine-listing-overlay-link\"><\/a><\/div><\/div><\/div><div class=\"jet-listing-grid__loader\"><div class=\"jet-listing-grid__loader-spinner\"><\/div><\/div><\/div>\t\t\t\t<\/div>\n\t\t\t\t<\/div>\n\t\t\t\t\t<\/div>\n\t\t<\/div>\n\t\t\t\t\t<\/div>\n\t\t<\/section>\n\t\t\t\t<\/div>","protected":false},"excerpt":{"rendered":"<p>Tinas de Ba\u00f1o Cat\u00e1logo | Tinas de Ba\u00f1o Ver producto<\/p>","protected":false},"author":2,"featured_media":0,"parent":0,"menu_order":0,"comment_status":"closed","ping_status":"closed","template":"","meta":{"_monsterinsights_skip_tracking":false,"_monsterinsights_sitenote_active":false,"_monsterinsights_sitenote_note":"","_monsterinsights_sitenote_category":0,"footnotes":""},"class_list":["post-1211","page","type-page","status-publish","hentry"],"aioseo_notices":[],"_links":{"self":[{"href":"https:\/\/bante.com.mx\/en\/wp-json\/wp\/v2\/pages\/1211","targetHints":{"allow":["GET"]}}],"collection":[{"href":"https:\/\/bante.com.mx\/en\/wp-json\/wp\/v2\/pages"}],"about":[{"href":"https:\/\/bante.com.mx\/en\/wp-json\/wp\/v2\/types\/page"}],"author":[{"embeddable":true,"href":"https:\/\/bante.com.mx\/en\/wp-json\/wp\/v2\/users\/2"}],"replies":[{"embeddable":true,"href":"https:\/\/bante.com.mx\/en\/wp-json\/wp\/v2\/comments?post=1211"}],"version-history":[{"count":34,"href":"https:\/\/bante.com.mx\/en\/wp-json\/wp\/v2\/pages\/1211\/revisions"}],"predecessor-version":[{"id":1384,"href":"https:\/\/bante.com.mx\/en\/wp-json\/wp\/v2\/pages\/1211\/revisions\/1384"}],"wp:attachment":[{"href":"https:\/\/bante.com.mx\/en\/wp-json\/wp\/v2\/media?parent=1211"}],"curies":[{"name":"wp","href":"https:\/\/api.w.org\/{rel}","templated":true}]}}